{"id":77,"date":"2025-07-17T10:20:16","date_gmt":"2025-07-17T10:20:16","guid":{"rendered":"https:\/\/profin-claims.com\/?page_id=77"},"modified":"2025-07-17T10:24:03","modified_gmt":"2025-07-17T10:24:03","slug":"kontakt","status":"publish","type":"page","link":"https:\/\/profin-claims.com\/?page_id=77","title":{"rendered":"Kontakt"},"content":{"rendered":"\t\t<div data-elementor-type=\"wp-page\" data-elementor-id=\"77\" class=\"elementor elementor-77\" data-elementor-post-type=\"page\">\n\t\t\t\t<div class=\"elementor-element elementor-element-a0c6768 e-flex e-con-boxed e-con e-parent\" data-id=\"a0c6768\" data-element_type=\"container\">\n\t\t\t\t\t<div class=\"e-con-inner\">\n\t\t\t\t<div class=\"elementor-element elementor-element-992dc13 elementor-widget elementor-widget-text-editor\" data-id=\"992dc13\" data-element_type=\"widget\" data-widget_type=\"text-editor.default\">\n\t\t\t\t\t\t\t\t\tAls Rechtsanwaltskanzlei k\u00f6nnen Sie uns einfach, unverbindlich und schnell \u00fcber unsere Homepage erreichen. Wir setzen uns dann unverz\u00fcglich mit Ihnen in Verbindung. Sie k\u00f6nnen uns auch per E-Mail service@profin-claims.com oder telefonisch unter der Rufnummer +49 30 209656250 kontaktieren. Wir freuen uns \u00fcber Ihr Interesse.\t\t\t\t\t\t\t\t<\/div>\n\t\t\t\t<div class=\"elementor-element elementor-element-a904851 elementor-widget elementor-widget-spacer\" data-id=\"a904851\" data-element_type=\"widget\" data-widget_type=\"spacer.default\">\n\t\t\t\t\t\t\t<div class=\"elementor-spacer\">\n\t\t\t<div class=\"elementor-spacer-inner\"><\/div>\n\t\t<\/div>\n\t\t\t\t\t\t<\/div>\n\t\t\t\t<div class=\"elementor-element elementor-element-c452379 elementor-widget elementor-widget-text-editor\" data-id=\"c452379\" data-element_type=\"widget\" data-widget_type=\"text-editor.default\">\n\t\t\t\t\t\t\t\t\t<p>Kontaktinformation<\/p>\t\t\t\t\t\t\t\t<\/div>\n\t\t\t\t\t<\/div>\n\t\t\t\t<\/div>\n\t\t<div class=\"elementor-element elementor-element-7ba8a43 e-flex e-con-boxed e-con e-parent\" data-id=\"7ba8a43\" data-element_type=\"container\">\n\t\t\t\t\t<div class=\"e-con-inner\">\n\t\t<div class=\"elementor-element elementor-element-aad01cf e-con-full e-flex e-con e-child\" data-id=\"aad01cf\" data-element_type=\"container\">\n\t\t\t\t<div class=\"elementor-element elementor-element-d84191b elementor-widget elementor-widget-image\" data-id=\"d84191b\" data-element_type=\"widget\" data-widget_type=\"image.default\">\n\t\t\t\t\t\t\t\t\t\t\t\t\t\t\t<img decoding=\"async\" width=\"58\" height=\"59\" src=\"https:\/\/profin-claims.com\/wp-content\/uploads\/2025\/07\/Ohne-Titel.png\" class=\"attachment-large size-large wp-image-79\" alt=\"\" \/>\t\t\t\t\t\t\t\t\t\t\t\t\t\t\t<\/div>\n\t\t\t\t<div class=\"elementor-element elementor-element-420aaa6 elementor-widget elementor-widget-text-editor\" data-id=\"420aaa6\" data-element_type=\"widget\" data-widget_type=\"text-editor.default\">\n\t\t\t\t\t\t\t\t\t<p>TELEFONNUMMER<\/p>\t\t\t\t\t\t\t\t<\/div>\n\t\t\t\t<div class=\"elementor-element elementor-element-940bd04 elementor-widget elementor-widget-text-editor\" data-id=\"940bd04\" data-element_type=\"widget\" data-widget_type=\"text-editor.default\">\n\t\t\t\t\t\t\t\t\t<p>+49 (0)30 \/ 209656250<\/p>\t\t\t\t\t\t\t\t<\/div>\n\t\t\t\t<\/div>\n\t\t<div class=\"elementor-element elementor-element-f485711 e-con-full e-flex e-con e-child\" data-id=\"f485711\" data-element_type=\"container\">\n\t\t\t\t<div class=\"elementor-element elementor-element-8ba8636 elementor-widget elementor-widget-image\" data-id=\"8ba8636\" data-element_type=\"widget\" data-widget_type=\"image.default\">\n\t\t\t\t\t\t\t\t\t\t\t\t\t\t\t<img decoding=\"async\" width=\"58\" height=\"59\" src=\"https:\/\/profin-claims.com\/wp-content\/uploads\/2025\/07\/Ohne-Titel.png\" class=\"attachment-large size-large wp-image-79\" alt=\"\" \/>\t\t\t\t\t\t\t\t\t\t\t\t\t\t\t<\/div>\n\t\t\t\t<div class=\"elementor-element elementor-element-64cb103 elementor-widget elementor-widget-text-editor\" data-id=\"64cb103\" data-element_type=\"widget\" data-widget_type=\"text-editor.default\">\n\t\t\t\t\t\t\t\t\t<p>EMAIL<\/p>\t\t\t\t\t\t\t\t<\/div>\n\t\t\t\t<div class=\"elementor-element elementor-element-2e5ee58 elementor-widget elementor-widget-text-editor\" data-id=\"2e5ee58\" data-element_type=\"widget\" data-widget_type=\"text-editor.default\">\n\t\t\t\t\t\t\t\t\t<p>service@profin-claims.com<\/p>\t\t\t\t\t\t\t\t<\/div>\n\t\t\t\t<\/div>\n\t\t<div class=\"elementor-element elementor-element-0001eb3 e-con-full e-flex e-con e-child\" data-id=\"0001eb3\" data-element_type=\"container\">\n\t\t\t\t<div class=\"elementor-element elementor-element-80a9386 elementor-widget elementor-widget-image\" data-id=\"80a9386\" data-element_type=\"widget\" data-widget_type=\"image.default\">\n\t\t\t\t\t\t\t\t\t\t\t\t\t\t\t<img decoding=\"async\" width=\"58\" height=\"59\" src=\"https:\/\/profin-claims.com\/wp-content\/uploads\/2025\/07\/Ohne-Titel.png\" class=\"attachment-large size-large wp-image-79\" alt=\"\" \/>\t\t\t\t\t\t\t\t\t\t\t\t\t\t\t<\/div>\n\t\t\t\t<div class=\"elementor-element elementor-element-d667f4a elementor-widget elementor-widget-text-editor\" data-id=\"d667f4a\" data-element_type=\"widget\" data-widget_type=\"text-editor.default\">\n\t\t\t\t\t\t\t\t\t<p>ADRESSE<\/p>\t\t\t\t\t\t\t\t<\/div>\n\t\t\t\t<div class=\"elementor-element elementor-element-81bfbfa elementor-widget elementor-widget-text-editor\" data-id=\"81bfbfa\" data-element_type=\"widget\" data-widget_type=\"text-editor.default\">\n\t\t\t\t\t\t\t\t\t<p>Profin Claims GmbH<br \/>Dahlmannstr. 27<br \/>D-10629 Berlin<\/p>\t\t\t\t\t\t\t\t<\/div>\n\t\t\t\t<\/div>\n\t\t\t\t\t<\/div>\n\t\t\t\t<\/div>\n\t\t\t\t<\/div>\n\t\t","protected":false},"excerpt":{"rendered":"<p>Als Rechtsanwaltskanzlei k\u00f6nnen Sie uns einfach, unverbindlich und schnell \u00fcber unsere Homepage erreichen. Wir setzen uns dann unverz\u00fcglich mit Ihnen in Verbindung. Sie k\u00f6nnen uns auch per E-Mail service@profin-claims.com oder telefonisch unter der Rufnummer +49 30 209656250 kontaktieren. Wir freuen uns \u00fcber Ihr Interesse. Kontaktinformation TELEFONNUMMER +49 (0)30 \/ 209656250 EMAIL service@profin-claims.com ADRESSE Profin Claims [&hellip;]<\/p>\n","protected":false},"author":1,"featured_media":0,"parent":0,"menu_order":0,"comment_status":"closed","ping_status":"closed","template":"elementor_header_footer","meta":{"footnotes":""},"class_list":["post-77","page","type-page","status-publish","hentry"],"blocksy_meta":[],"_links":{"self":[{"href":"https:\/\/profin-claims.com\/index.php?rest_route=\/wp\/v2\/pages\/77","targetHints":{"allow":["GET"]}}],"collection":[{"href":"https:\/\/profin-claims.com\/index.php?rest_route=\/wp\/v2\/pages"}],"about":[{"href":"https:\/\/profin-claims.com\/index.php?rest_route=\/wp\/v2\/types\/page"}],"author":[{"embeddable":true,"href":"https:\/\/profin-claims.com\/index.php?rest_route=\/wp\/v2\/users\/1"}],"replies":[{"embeddable":true,"href":"https:\/\/profin-claims.com\/index.php?rest_route=%2Fwp%2Fv2%2Fcomments&post=77"}],"version-history":[{"count":7,"href":"https:\/\/profin-claims.com\/index.php?rest_route=\/wp\/v2\/pages\/77\/revisions"}],"predecessor-version":[{"id":86,"href":"https:\/\/profin-claims.com\/index.php?rest_route=\/wp\/v2\/pages\/77\/revisions\/86"}],"wp:attachment":[{"href":"https:\/\/profin-claims.com\/index.php?rest_route=%2Fwp%2Fv2%2Fmedia&parent=77"}],"curies":[{"name":"wp","href":"https:\/\/api.w.org\/{rel}","templated":true}]}}