{"id":127,"date":"2025-07-17T11:35:42","date_gmt":"2025-07-17T11:35:42","guid":{"rendered":"https:\/\/profin-claims.com\/?page_id=127"},"modified":"2025-07-17T11:39:17","modified_gmt":"2025-07-17T11:39:17","slug":"management","status":"publish","type":"page","link":"https:\/\/profin-claims.com\/?page_id=127","title":{"rendered":"Management"},"content":{"rendered":"\t\t<div data-elementor-type=\"wp-page\" data-elementor-id=\"127\" class=\"elementor elementor-127\" data-elementor-post-type=\"page\">\n\t\t\t\t<div class=\"elementor-element elementor-element-a0c6768 e-flex e-con-boxed e-con e-parent\" data-id=\"a0c6768\" data-element_type=\"container\">\n\t\t\t\t\t<div class=\"e-con-inner\">\n\t\t\t\t<div class=\"elementor-element elementor-element-992dc13 elementor-widget elementor-widget-text-editor\" data-id=\"992dc13\" data-element_type=\"widget\" data-widget_type=\"text-editor.default\">\n\t\t\t\t\t\t\t\t\tAls Rechtsanwaltskanzlei k\u00f6nnen Sie uns einfach, unverbindlich und schnell \u00fcber unsere Homepage erreichen. Wir setzen uns dann unverz\u00fcglich mit Ihnen in Verbindung. Sie k\u00f6nnen uns auch per E-Mail service@profin-claims.com oder telefonisch unter der Rufnummer +49 30 209656250 kontaktieren. Wir freuen uns \u00fcber Ihr Interesse.\t\t\t\t\t\t\t\t<\/div>\n\t\t\t\t<div class=\"elementor-element elementor-element-a904851 elementor-widget elementor-widget-spacer\" data-id=\"a904851\" data-element_type=\"widget\" data-widget_type=\"spacer.default\">\n\t\t\t\t\t\t\t<div class=\"elementor-spacer\">\n\t\t\t<div class=\"elementor-spacer-inner\"><\/div>\n\t\t<\/div>\n\t\t\t\t\t\t<\/div>\n\t\t\t\t<div class=\"elementor-element elementor-element-c452379 elementor-widget elementor-widget-text-editor\" data-id=\"c452379\" data-element_type=\"widget\" data-widget_type=\"text-editor.default\">\n\t\t\t\t\t\t\t\t\t<p>Kontaktinformation<\/p>\t\t\t\t\t\t\t\t<\/div>\n\t\t\t\t\t<\/div>\n\t\t\t\t<\/div>\n\t\t<div class=\"elementor-element elementor-element-7ba8a43 e-flex e-con-boxed e-con e-parent\" data-id=\"7ba8a43\" data-element_type=\"container\">\n\t\t\t\t\t<div class=\"e-con-inner\">\n\t\t<div class=\"elementor-element elementor-element-aad01cf e-con-full e-flex e-con e-child\" data-id=\"aad01cf\" data-element_type=\"container\" data-settings=\"{&quot;background_background&quot;:&quot;classic&quot;}\">\n\t\t\t\t<div class=\"elementor-element elementor-element-d84191b elementor-widget elementor-widget-image\" data-id=\"d84191b\" data-element_type=\"widget\" data-widget_type=\"image.default\">\n\t\t\t\t\t\t\t\t\t\t\t\t\t\t\t<img fetchpriority=\"high\" decoding=\"async\" width=\"270\" height=\"450\" src=\"https:\/\/profin-claims.com\/wp-content\/uploads\/2025\/07\/Dr.jpg\" class=\"attachment-large size-large wp-image-24\" alt=\"\" srcset=\"https:\/\/profin-claims.com\/wp-content\/uploads\/2025\/07\/Dr.jpg 270w, https:\/\/profin-claims.com\/wp-content\/uploads\/2025\/07\/Dr-180x300.jpg 180w\" sizes=\"(max-width: 270px) 100vw, 270px\" \/>\t\t\t\t\t\t\t\t\t\t\t\t\t\t\t<\/div>\n\t\t\t\t<div class=\"elementor-element elementor-element-420aaa6 elementor-widget elementor-widget-text-editor\" data-id=\"420aaa6\" data-element_type=\"widget\" data-widget_type=\"text-editor.default\">\n\t\t\t\t\t\t\t\t\t<p>Christopher Rother<\/p>\t\t\t\t\t\t\t\t<\/div>\n\t\t\t\t<div class=\"elementor-element elementor-element-940bd04 elementor-widget elementor-widget-text-editor\" data-id=\"940bd04\" data-element_type=\"widget\" data-widget_type=\"text-editor.default\">\n\t\t\t\t\t\t\t\t\t<p>Chief Executive Officer<\/p>\t\t\t\t\t\t\t\t<\/div>\n\t\t\t\t<\/div>\n\t\t<div class=\"elementor-element elementor-element-0001eb3 e-con-full e-flex e-con e-child\" data-id=\"0001eb3\" data-element_type=\"container\">\n\t\t\t\t<div class=\"elementor-element elementor-element-d667f4a elementor-widget elementor-widget-text-editor\" data-id=\"d667f4a\" data-element_type=\"widget\" data-widget_type=\"text-editor.default\">\n\t\t\t\t\t\t\t\t\t<p>Christopher Rother<\/p>\t\t\t\t\t\t\t\t<\/div>\n\t\t\t\t<div class=\"elementor-element elementor-element-81bfbfa elementor-widget elementor-widget-text-editor\" data-id=\"81bfbfa\" data-element_type=\"widget\" data-widget_type=\"text-editor.default\">\n\t\t\t\t\t\t\t\t\t<p>Christopher Rother ist Gesch\u00e4ftsf\u00fchrer der Profin. Er gilt als einer der Pioniere der privaten Rechtsdurchsetzung in Deutschland und Europa. In fast 30 Berufsjahren hat Christopher Rother als Rechtsanwalt die Rechtsentwicklung auf dem Gebiet der privaten Rechtsdurchsetzung ma\u00dfgeblich mitgepr\u00e4gt. F\u00fcr die Deutsche Bahn hat er eine auf die systematische Verfolgung von Schadensersatzanspr\u00fcchen spezialisierte Organisation von Juristen und \u00d6konomen aufgebaut und erfolgreich Anspr\u00fcche, insbesondere in gro\u00dfen Kartellschadensf\u00e4llen in verschiedensten Jurisdiktionen durchgesetzt und mit Vergleichen in H\u00f6he von mehreren Milliarden Euro abschlie\u00dfen k\u00f6nnen. Im Anschluss an seine fast zwanzigj\u00e4hrige T\u00e4tigkeit bei der Deutschen Bahn war Christopher Rother von 2015 bis 2019 Managing Partner der von ihm aufgebauten und geleiteten deutschen B\u00fcros einer internationalen Anwaltskanzlei, die auf die Durchsetzung von Schadensersatzanspr\u00fcchen und Verbraucherrechten spezialisiert ist.<\/p><p>Christopher Rother hat sich im Abgasskandal von Anfang an prominent auf Seiten der Verbraucher positioniert und w\u00e4hrend seines Wirkens als Managing Partner die Durchsetzung von mehr als 40.000 Anspr\u00fcchen gesch\u00e4digter Verbraucher aus dem In- und Ausland betreut. Christopher Rother:<\/p><p>\u201eVW und andere Fahrzeughersteller haben sich den Umstand zu Nutze gemacht, dass es bislang f\u00fcr die individuelle Durchsetzung von Anspr\u00fcchen mit niedrigen Streitwerten in Deutschland keine Prozessfinanzierung gab. Die hohen Prozesskosten und Prozessrisiken stehen f\u00fcr den einzelnen Verbraucher h\u00e4ufig au\u00dfer Verh\u00e4ltnis zu dem Schadensersatz, der ihm am Ende zusteht. Meist war es nur f\u00fcr gesch\u00e4digte Kunden mit Rechtsschutzversicherung wirtschaftlich sinnvoll, ihre Rechte individuell durchzusetzen.\u201c<\/p><p>Mit den ma\u00dfgeschneiderten Prozessfinanzierungsl\u00f6sungen von Profin \u00e4ndert sich das jetzt. Mit uns kann jeder zu seinem guten Recht kommen, auch ohne Rechtsschutzversicherung. Bei \u00fcberwiegenden Erfolgsaussichten k\u00f6nnen wir Klagen einzelner Verbraucher und Unternehmen zu attraktiven Konditionen finanzieren. Ohne Kosten und ohne Risiken. Nur wenn wir Erfolg haben, bekommen wir einen Teil der erstrittenen Summe. Christopher Rother:<\/p><p><em>\u201eWir pr\u00fcfen jeden Fall einzeln und machen Ihnen bei \u00fcberwiegenden Erfolgsaussichten ein individuelles Angebot.\u201c <\/em><\/p>\t\t\t\t\t\t\t\t<\/div>\n\t\t\t\t<\/div>\n\t\t\t\t\t<\/div>\n\t\t\t\t<\/div>\n\t\t\t\t<\/div>\n\t\t","protected":false},"excerpt":{"rendered":"<p>Als Rechtsanwaltskanzlei k\u00f6nnen Sie uns einfach, unverbindlich und schnell \u00fcber unsere Homepage erreichen. Wir setzen uns dann unverz\u00fcglich mit Ihnen in Verbindung. Sie k\u00f6nnen uns auch per E-Mail service@profin-claims.com oder telefonisch unter der Rufnummer +49 30 209656250 kontaktieren. Wir freuen uns \u00fcber Ihr Interesse. Kontaktinformation Christopher Rother Chief Executive Officer Christopher Rother Christopher Rother ist [&hellip;]<\/p>\n","protected":false},"author":1,"featured_media":0,"parent":0,"menu_order":0,"comment_status":"closed","ping_status":"closed","template":"elementor_header_footer","meta":{"footnotes":""},"class_list":["post-127","page","type-page","status-publish","hentry"],"blocksy_meta":[],"_links":{"self":[{"href":"https:\/\/profin-claims.com\/index.php?rest_route=\/wp\/v2\/pages\/127","targetHints":{"allow":["GET"]}}],"collection":[{"href":"https:\/\/profin-claims.com\/index.php?rest_route=\/wp\/v2\/pages"}],"about":[{"href":"https:\/\/profin-claims.com\/index.php?rest_route=\/wp\/v2\/types\/page"}],"author":[{"embeddable":true,"href":"https:\/\/profin-claims.com\/index.php?rest_route=\/wp\/v2\/users\/1"}],"replies":[{"embeddable":true,"href":"https:\/\/profin-claims.com\/index.php?rest_route=%2Fwp%2Fv2%2Fcomments&post=127"}],"version-history":[{"count":4,"href":"https:\/\/profin-claims.com\/index.php?rest_route=\/wp\/v2\/pages\/127\/revisions"}],"predecessor-version":[{"id":132,"href":"https:\/\/profin-claims.com\/index.php?rest_route=\/wp\/v2\/pages\/127\/revisions\/132"}],"wp:attachment":[{"href":"https:\/\/profin-claims.com\/index.php?rest_route=%2Fwp%2Fv2%2Fmedia&parent=127"}],"curies":[{"name":"wp","href":"https:\/\/api.w.org\/{rel}","templated":true}]}}